{"id":501,"date":"2024-12-18T14:13:39","date_gmt":"2024-12-18T14:13:39","guid":{"rendered":"https:\/\/prosper-bsr.eu\/?page_id=501"},"modified":"2024-12-23T15:16:16","modified_gmt":"2024-12-23T15:16:16","slug":"employers-could-offer-more-jobs-to-ukrainians-but-the-language-barrier-is-an-obstacle","status":"publish","type":"page","link":"https:\/\/prosper-bsr.eu\/?page_id=501","title":{"rendered":"Employers Could Offer More Jobs to Ukrainians, but the Language Barrier Is an Obstacle"},"content":{"rendered":"<div class=\"gb-container gb-container-5f0b955e\">\n<div class=\"gb-container gb-container-60e95c8e\">\n<div class=\"gb-container gb-container-06b689a8\">\n\n<div class=\"gb-headline gb-headline-e0e686b1 gb-headline-text gbp-section__tagline\">Ukrainins&nbsp;in Lithuania, Bir\u017eai <\/div>\n\n\n\n<div class=\"gb-headline gb-headline-2e492eca gb-headline-text gbp-section__text\">Ukrainians have worked in Bir\u017eai district recruited through private employment agencies in the past; however, those cases have been isolated. With the outbreak of the war in Ukraine, local entrepreneurs and the Bir\u017eai Employment Service have been facing the challenge of war refugees moving to the district.<\/div>\n\n\n\n<p><br>With around 200 Ukrainians settling in Bir\u017eai at any given time, the differences in culture and working conditions have become apparent. Many employers had to refresh their Russian language, as all the Ukrainians who arrived were fluent in the language. They also had to think about accommodation and introducing to the work culture and procedures as well as current laws<\/p>\n\n<\/div>\n<\/div>\n\n\n<figure class=\"wp-block-image size-full\"><img loading=\"lazy\" decoding=\"async\" width=\"768\" height=\"960\" src=\"https:\/\/prosper-bsr.eu\/wp-content\/uploads\/2024\/12\/img-5dqxjUl2tq8rUaCzH0FZF-1.jpg\" alt=\"\" class=\"wp-image-659\" srcset=\"https:\/\/prosper-bsr.eu\/wp-content\/uploads\/2024\/12\/img-5dqxjUl2tq8rUaCzH0FZF-1.jpg 768w, https:\/\/prosper-bsr.eu\/wp-content\/uploads\/2024\/12\/img-5dqxjUl2tq8rUaCzH0FZF-1-240x300.jpg 240w\" sizes=\"auto, (max-width: 768px) 100vw, 768px\" \/><\/figure>\n\n<\/div>\n\n<div class=\"gb-container gb-container-7892aab5 gbp-section\">\n<div class=\"gb-container gb-container-817ce40d\">\n<div class=\"gb-container gb-container-1e1553c0\">\n\n<h2 class=\"gb-headline gb-headline-8f3d0d53 gb-headline-text gbp-section__headline\"><strong>Those Who Want to Work Do Not Complain<\/strong><\/h2>\n\n<\/div>\n<\/div>\n\n\n<p><br>Justina Butait\u0117, HR administrator at SLT Industrial Components, says that the first Ukrainians began working in the company long before the war has started. The company cooperated with a recruitment agency that worked with unemployed people from Ukraine or people looking for work abroad. She observes that it has been difficult to find people willing and able to work in shifts in the district. \u201cWe employed four Ukrainian workers through that agency,\u201d Butait\u0117 said. \u201cWhen the war broke out, the situation had changed. Currently, we have a low turnover of workers. There are even some who were hired for seasonal work, but they came back.\u201d<\/p>\n\n\n\n<p>Now, the SLT Industrial Components has fifteen to sixteen Ukrainians, slightly more women than men, working in the company on a permanent basis. The company also employs a woman from Uzbekistan. \u201cLast year, we employed an Italian and a Polish. The latter already speaks excellent Lithuanian,\u201d Butait\u0117 noted. The HR administrator emphasized that those who want to earn money are given a chance to do that. They do not complain about the pay, or at least the company representatives have not heard any complaints regarding the issue.<\/p>\n\n<\/div>\n\n<div class=\"gb-container gb-container-606f5e28\">\n<div class=\"gb-container gb-container-4b069c80\">\n<div class=\"gb-container gb-container-f1266b07\">\n\n<h2 class=\"gb-headline gb-headline-e01f3500 gb-headline-text gbp-section__headline\">Swedes Provided the Housing<\/h2>\n\n\n\n<p><br>When asked about a language barrier or cultural differences, Butait\u0117 said: \u201cThere is no problem with the language. We communicate with all Ukrainians in Russian. Some of them attend Lithuanian language classes.\u201d The HR administrator explained that when the war broke out and refugees began flooding into the Bir\u017eai area, the Swedish owners of the company bought a house in Bir\u017eai, providing accommodation for the Ukrainians. Two families with children currently live in the house. \u201cEven if one member of the family is working, the whole family can live there. They pay only the utility bills,\u201d Butait\u0117 said. The representative of the company added that the company found more than one employee a place to live. Company\u2019s director Liutauras Variakojis also rents a house for one Ukrainian family.<\/p>\n\n<\/div>\n<\/div>\n\n<div class=\"gb-container gb-container-ee3c8170\">\n\n<figure class=\"wp-block-image size-large\"><img loading=\"lazy\" decoding=\"async\" width=\"1024\" height=\"469\" src=\"https:\/\/prosper-bsr.eu\/wp-content\/uploads\/2024\/12\/Birzu-sokoladas-1024x469.jpg\" alt=\"\" class=\"wp-image-661\" srcset=\"https:\/\/prosper-bsr.eu\/wp-content\/uploads\/2024\/12\/Birzu-sokoladas-1024x469.jpg 1024w, https:\/\/prosper-bsr.eu\/wp-content\/uploads\/2024\/12\/Birzu-sokoladas-300x137.jpg 300w, https:\/\/prosper-bsr.eu\/wp-content\/uploads\/2024\/12\/Birzu-sokoladas-768x352.jpg 768w, https:\/\/prosper-bsr.eu\/wp-content\/uploads\/2024\/12\/Birzu-sokoladas-1536x704.jpg 1536w, https:\/\/prosper-bsr.eu\/wp-content\/uploads\/2024\/12\/Birzu-sokoladas-2048x938.jpg 2048w\" sizes=\"auto, (max-width: 1024px) 100vw, 1024px\" \/><\/figure>\n\n\n\n<figure class=\"wp-block-image size-large\"><img loading=\"lazy\" decoding=\"async\" width=\"1024\" height=\"768\" src=\"https:\/\/prosper-bsr.eu\/wp-content\/uploads\/2024\/12\/Birzai-I-1024x768.jpg\" alt=\"\" class=\"wp-image-662\" srcset=\"https:\/\/prosper-bsr.eu\/wp-content\/uploads\/2024\/12\/Birzai-I-1024x768.jpg 1024w, https:\/\/prosper-bsr.eu\/wp-content\/uploads\/2024\/12\/Birzai-I-300x225.jpg 300w, https:\/\/prosper-bsr.eu\/wp-content\/uploads\/2024\/12\/Birzai-I-768x576.jpg 768w, https:\/\/prosper-bsr.eu\/wp-content\/uploads\/2024\/12\/Birzai-I-1536x1152.jpg 1536w, https:\/\/prosper-bsr.eu\/wp-content\/uploads\/2024\/12\/Birzai-I.jpg 2016w\" sizes=\"auto, (max-width: 1024px) 100vw, 1024px\" \/><\/figure>\n\n<\/div>\n<\/div>\n\n<div class=\"gb-container gb-container-7ba280e7 gbp-section\">\n<div class=\"gb-container gb-container-299398bc\">\n<div class=\"gb-container gb-container-4af0ad77\">\n\n<h2 class=\"gb-headline gb-headline-27b99196 gb-headline-text gbp-section__headline\"><strong>Some Disappointing Cases<\/strong><\/h2>\n\n<\/div>\n<\/div>\n\n\n<p><br>Ram\u016bnas Vilei\u0161is, the managing director of a company specializing in the construction of steam baths and other wooden houses, has shared a slightly different experience of employing Ukrainians. \u201cWe offer a job that is more often chosen by men. Unfortunately, our experience has not been very positive,\u201d Vilei\u0161is says. \u201cMen want a good salary, but they are in no hurry to get to work. When I ask them what they can do, they say that they know how to do everything, but when it comes to business, it turns out that they don\u2019t know how to do it. It has been difficult to find common ground with the Ukrainians.\u201d<\/p>\n\n<\/div>\n\n<div class=\"gb-container gb-container-369ea89b gbp-section\">\n<div class=\"gb-container gb-container-10edc552\">\n<div class=\"gb-container gb-container-5a788a94\">\n\n<h2 class=\"gb-headline gb-headline-f7fae085 gb-headline-text gbp-section__headline\"><strong>A Former Emigrant Knows the Cost of Emigration<\/strong><\/h2>\n\n<\/div>\n<\/div>\n\n\n<p><br>Sigitas Jur\u010dys, the founder of company Bir\u017e\u0173 \u0161okoladas, has been satisfied with the work of Ukrainians: \u201cI myself have been an emigrant for many years, so I understand the situation of Ukrainians. I took the initiative to help them settle in Bir\u017eai district.\u201d Three Ukrainians currently work in Jur\u010dys\u2019 company. One of them has been working for more than a year and the other two for less than a year. The entrepreneur says that even keeping in mind the difficult labor situation in the area he decided to employ the workers during the winter; even though usually the company reduces the number of employees outside the tourist season because of the tax burden. Jur\u010dys said that with the addition of Ukrainian employees, he could finally realize a long-cherished idea of serving Ukrainian dishes to the caf\u00e9\u2019s visitors. The traditional Ukrainian dumplings, known as vareniki, is the most popular dish there.<\/p>\n\n\n<div class=\"gb-container gb-container-854ab94b gbp-section\">\n<div class=\"gb-container gb-container-41e04931\">\n<div class=\"gb-container gb-container-bfedef58\">\n\n<h2 class=\"gb-headline gb-headline-68226a23 gb-headline-text gbp-section__headline\">The Owner is a Colleague First<\/h2>\n\n<\/div>\n<\/div>\n\n\n<p><br>Jur\u010dys shared his thoughts about adaptation challenges and cultural difficulties the Ukrainian employees face: \u201cYou can really feel the cultural difference. They live in Ukraine as we did twenty or even thirty years ago.\u201d One woman worked in a state-owned company and the other in the private sector in an administrative job; therefore, both of them had to go through a difficult process of adaptation. The women were employed right at the height of the tourist season, so they were really scared of the workload. But the director of the company reassured them, \u201cWait for autumn, you\u2019ll see that things will calm down.\u201d<\/p>\n\n\n\n<p>The Ukrainians were astounded to see the owners of the caf\u00e9 in the kitchen along with their employees, sometimes even to watch them peeling potatoes or washing dishes. \u201cAt first they didn\u2019t even conceive it could be like that, they worried about not being able to finish chores on time. So I had to calm them down, tell them that everything was fine,\u201d Jur\u010dys said. He reassured his employees that they could tell him that they didn\u2019t have time to do certain tasks, because that was only natural in the tourist season. \u201cWe, locals, are used to this kind of thing: the manager is a<\/p>\n\n\n\n<p>colleague first and then the boss. It\u2019s natural,\u201d the director of the company noted. \u201cWe found it strange that they found it difficult to understand.\u201d<\/p>\n\n<\/div>\n<\/div>\n\n<div class=\"gb-container gb-container-c5696144 gbp-section\">\n<div class=\"gb-container gb-container-e32677bf\">\n<div class=\"gb-container gb-container-34a1d4cc\">\n\n<h2 class=\"gb-headline gb-headline-7cb0ef22 gb-headline-text gbp-section__headline\"><strong>Different Work Culture<\/strong><\/h2>\n\n<\/div>\n<\/div>\n\n\n<p><br>The entrepreneur observed that it was not difficult to employ Ukrainians, all they had to have was proper documents. \u201cEverything\u2019s fine, the only drawback is that as third-country nationals they are subject to higher taxes,\u201d Jur\u010dys regretted. \u201cOf course, at the end of the year they can declare their income and get some money back, but a person needs money today, they do not want to wait for the end of the year.\u201d The director of the company says that the language barrier is not a problem, because everyone speaks Russian. Ukrainian women have already learned the names of Lithuanian dishes.<\/p>\n\n\n\n<p>The work culture was a problem at first. \u201cSince we pay an hourly wage, it was difficult for the Ukrainian workers to understand that they could not not go to work at their own expense,\u201d Jur\u0161ys said. \u201cI explained to them that even the labor code doesn\u2019t provide that, and most importantly, that every time they decide not to come to work, someone else will have to do both their own job and that of their absent colleague. And that would not be nice to colleagues.\u201d Today, such problems no longer exist in the company. If necessary, the employees take turns: they cover for each other and write down the hours they worked.<\/p>\n\n\n<div class=\"gb-container gb-container-a308b572\">\n<div class=\"gb-container gb-container-c805d078\">\n<div class=\"gb-container gb-container-1a79d97c\">\n\n<h2 class=\"gb-headline gb-headline-93c62c25 gb-headline-text gbp-section__headline\"><strong>More Than Twenty Ukrainians Are Looking for Work<\/strong><\/h2>\n\n\n\n<p><\/p>\n\n\n\n<p>Eugenija Grabauskien\u0117, head of the Bir\u017eai Employment Service, said that twenty Ukrainian citizens are currently registered as unemployed at the Bir\u017eai branch of the Employment Service. Another four persons have other statuses, such as temporary employment participants or persons preparing for the labor market. As of March 2022, 107 people who left the country because of the war in Ukraine have applied to the Bir\u017eai office (thirty of them have registered more than once with the Employment Service). No foreigners from other countries are currently registered in the office.<\/p>\n\n<\/div>\n<\/div>\n\n<div class=\"gb-container gb-container-620b54a4\">\n\n<figure class=\"wp-block-image size-large\"><img loading=\"lazy\" decoding=\"async\" width=\"1024\" height=\"768\" src=\"https:\/\/prosper-bsr.eu\/wp-content\/uploads\/2024\/12\/Birzai-II-1024x768.jpg\" alt=\"\" class=\"wp-image-663\" srcset=\"https:\/\/prosper-bsr.eu\/wp-content\/uploads\/2024\/12\/Birzai-II-1024x768.jpg 1024w, https:\/\/prosper-bsr.eu\/wp-content\/uploads\/2024\/12\/Birzai-II-300x225.jpg 300w, https:\/\/prosper-bsr.eu\/wp-content\/uploads\/2024\/12\/Birzai-II-768x576.jpg 768w, https:\/\/prosper-bsr.eu\/wp-content\/uploads\/2024\/12\/Birzai-II-1536x1152.jpg 1536w, https:\/\/prosper-bsr.eu\/wp-content\/uploads\/2024\/12\/Birzai-II.jpg 2016w\" sizes=\"auto, (max-width: 1024px) 100vw, 1024px\" \/><\/figure>\n\n<\/div>\n<\/div>\n<\/div>\n\n<div class=\"gb-container gb-container-0cc495ad gbp-section\">\n<div class=\"gb-container gb-container-9aca0b79\">\n<div class=\"gb-container gb-container-76f96dfc\">\n\n<h2 class=\"gb-headline gb-headline-2e525de0 gb-headline-text gbp-section__headline\"><strong>The Need to Learn the Language<\/strong><\/h2>\n\n<\/div>\n<\/div>\n\n\n<p><br>When asked about the specific jobs that the Employment Service could offer to foreigners, Grabauskien\u0117 replied: \u201cWe offer the same jobs to Ukrainian citizens as we do to Lithuanians. When registering vacancies, employers have the possibility to indicate that they can also employ Ukrainians. When registering with the Employment Service, war refugees usually indicate that they are looking for unskilled work. The main reason for this is that they do not speak Lithuanian. Most of the Ukrainians start working as unskilled workers on the assembly line, also as auxiliary workers and manual laborers.\u201d<\/p>\n\n<\/div>\n\n<div class=\"gb-container gb-container-8feab29f gbp-section\">\n<div class=\"gb-container gb-container-29e91e43\">\n<div class=\"gb-container gb-container-f1447cc6\">\n\n<h2 class=\"gb-headline gb-headline-a2486845 gb-headline-text gbp-section__headline\"><strong>No Unsatisfactory Feedback on the Ukrainians Employed<\/strong><\/h2>\n\n<\/div>\n<\/div>\n\n\n<p><br>The head of the Bir\u017eai branch of the Employment Service says that most Ukrainians are not able to get a job because of personal circumstances, for example, mothers with small children have no opportunities to work in shifts. Sometimes the salary is the reason why people are not able to get a job quickly\u2014they are looking for better paid jobs. When asked about the feedback on the Ukrainians the agency employs, Grabauskien\u0117 notes that they have not received any specific feedback about Ukrainian war refugees in employment. She acknowledges that there are some cultural and work culture differences, but if a person wants to work, they adapt. \u201cWe have examples of Ukrainians who were hired in the spring of 2022 and are still working successfully,\u201d Grabauskien\u0117 said.<\/p>\n\n<\/div>\n\n<div class=\"gb-container gb-container-2f41bb45 gbp-section\">\n<div class=\"gb-container gb-container-296c3593\">\n<div class=\"gb-container gb-container-eb23024e\">\n\n<h2 class=\"gb-headline gb-headline-a9c90298 gb-headline-text gbp-section__headline\"><strong>Solving Lithuania\u2019s Demographic Problem<\/strong><\/h2>\n\n<\/div>\n<\/div>\n\n\n<p><br>Deimant\u0117 Vil\u010dinskait\u0117, project manager of Vilnius Chamber of Commerce, Industry and Crafts, said that the Chamber is participating in the Interreg Baltic Sea Region project <a href=\"https:\/\/interreg-baltic.eu\/project\/prosper-bsr\/\">PROSPER BSR<\/a> from 2022. The idea of this project was born when a need arose to help refugees from Ukraine with a profession and at the same time to address the shortage of skilled workers in many European Union countries. \u201cThe current wave of millions of refugees from Ukraine poses major challenges, especially for the Baltic Sea countries,\u201d Vil\u010dinskait\u0117 observed. \u201cHowever, it should not be seen as a problem but above all as an opportunity.\u201d According to the representative of the Chamber, due to demographic changes, all the Baltic Sea countries are facing a severe shortage of skilled workers in almost all sectors. Successful integration of refugees into the labor market will ease the burden on the social system and bring back dignity and perspective to people.<\/p>\n\n<\/div>","protected":false},"excerpt":{"rendered":"<p>Ukrainins&nbsp;in Lithuania, Bir\u017eai Ukrainians have worked in Bir\u017eai district recruited through private employment agencies in the past; however, those cases have been isolated. With the outbreak of the war in Ukraine, local entrepreneurs and the Bir\u017eai Employment Service have been facing the challenge of war refugees moving to the district. With around 200 Ukrainians settling &#8230; <a title=\"Employers Could Offer More Jobs to Ukrainians, but the Language Barrier Is an Obstacle\" class=\"read-more\" href=\"https:\/\/prosper-bsr.eu\/?page_id=501\" aria-label=\"Read more about Employers Could Offer More Jobs to Ukrainians, but the Language Barrier Is an Obstacle\">Read more<\/a><\/p>\n","protected":false},"author":3,"featured_media":0,"parent":0,"menu_order":0,"comment_status":"closed","ping_status":"closed","template":"","meta":{"footnotes":""},"class_list":["post-501","page","type-page","status-publish"],"_links":{"self":[{"href":"https:\/\/prosper-bsr.eu\/index.php?rest_route=\/wp\/v2\/pages\/501","targetHints":{"allow":["GET"]}}],"collection":[{"href":"https:\/\/prosper-bsr.eu\/index.php?rest_route=\/wp\/v2\/pages"}],"about":[{"href":"https:\/\/prosper-bsr.eu\/index.php?rest_route=\/wp\/v2\/types\/page"}],"author":[{"embeddable":true,"href":"https:\/\/prosper-bsr.eu\/index.php?rest_route=\/wp\/v2\/users\/3"}],"replies":[{"embeddable":true,"href":"https:\/\/prosper-bsr.eu\/index.php?rest_route=%2Fwp%2Fv2%2Fcomments&post=501"}],"version-history":[{"count":11,"href":"https:\/\/prosper-bsr.eu\/index.php?rest_route=\/wp\/v2\/pages\/501\/revisions"}],"predecessor-version":[{"id":846,"href":"https:\/\/prosper-bsr.eu\/index.php?rest_route=\/wp\/v2\/pages\/501\/revisions\/846"}],"wp:attachment":[{"href":"https:\/\/prosper-bsr.eu\/index.php?rest_route=%2Fwp%2Fv2%2Fmedia&parent=501"}],"curies":[{"name":"wp","href":"https:\/\/api.w.org\/{rel}","templated":true}]}}