{"id":467,"date":"2024-12-18T11:20:32","date_gmt":"2024-12-18T11:20:32","guid":{"rendered":"https:\/\/prosper-bsr.eu\/?page_id=467"},"modified":"2024-12-23T15:11:02","modified_gmt":"2024-12-23T15:11:02","slug":"social-responsibility-as-part-of-reciprocal-trade-off","status":"publish","type":"page","link":"https:\/\/prosper-bsr.eu\/?page_id=467","title":{"rendered":"Social Responsibility as Part of Reciprocal Trade-Off"},"content":{"rendered":"\n<div class=\"gb-headline gb-headline-48be0c90 gb-headline-text gbp-section__text\">According to&nbsp;<a href=\"https:\/\/osp.stat.gov.lt\/ukraine-dashboards\" target=\"_blank\" rel=\"noreferrer noopener\">Lithuanian Statistics<\/a>, over 75,000 Ukrainians have arrived in Lithuania since the beginning of the war in Ukraine. After receiving temporary shelter, the main issue for the Ukrainians has been how to make a living. Responsible businesses in Lithuania have stepped up to help the refugees, including&nbsp;<a href=\"https:\/\/www.supergarden.lt\/en\" target=\"_blank\" rel=\"noreferrer noopener\">Supergarden<\/a>, a producer of freeze-dried berries, spices and vegetables.<\/div>\n\n\n<div class=\"gb-container gb-container-5f0b955e\">\n<div class=\"gb-container gb-container-60e95c8e\">\n<div class=\"gb-container gb-container-06b689a8\">\n\n<div class=\"gb-headline gb-headline-e0e686b1 gb-headline-text gbp-section__tagline\"><a href=\"https:\/\/www.supergarden.lt\/en\" target=\"_blank\" rel=\"noreferrer noopener\">Supergarden<\/a>&nbsp;in Lithuania, Panev\u0117\u017eys<\/div>\n\n\n\n<div class=\"gb-headline gb-headline-2e492eca gb-headline-text gbp-section__text\"><a href=\"https:\/\/www.linkedin.com\/in\/laura-kaziukoniene-b76b88b4\/\" target=\"_blank\" rel=\"noreferrer noopener\">Laura Kaziukonien\u0117<\/a>, the founder and CEO of the company, says that the decision to help the Ukrainians was a natural one. The company had a branch in Ukraine, so when the war broke out, she invited people who worked in Ukraine to Lithuania. However, only one manager and her daughter came. At the beginning of December last year, they went back to Ukraine to join with their husband and father.<br>Afterwards,&nbsp;<a href=\"https:\/\/www.supergarden.lt\/en\" target=\"_blank\" rel=\"noreferrer noopener\">Supergarden<\/a>&nbsp;employed a few more Ukrainians in the factory, with whom it had no previous working or personal relationship. They settled in Panev\u0117\u017eys and began to look for work. \u201cAlthough their specialty was not in packaging, we took the time to train them,\u201d Kaziukonien\u0117 says. \u201cSome of them took temporary jobs, and one woman plans to put down her roots in Lithuania and continue working for&nbsp;<a href=\"https:\/\/www.supergarden.lt\/en\" target=\"_blank\" rel=\"noreferrer noopener\">Supergarden<\/a>. Her child attends a school in Panev\u0117\u017eys, and she supports her family.\u201d As for foreigners, a student from Greece has been currently doing an internship at the company, having come through the Erasmus international student exchange program.<\/div>\n\n<\/div>\n<\/div>\n\n<div class=\"gb-container gb-container-7644f4a7\">\n\n<figure class=\"wp-block-image size-full\"><img loading=\"lazy\" decoding=\"async\" width=\"768\" height=\"960\" src=\"https:\/\/prosper-bsr.eu\/wp-content\/uploads\/2024\/12\/img-IDFoYnKAWrsM6C5CsSwro-1.jpg\" alt=\"\" class=\"wp-image-624\" srcset=\"https:\/\/prosper-bsr.eu\/wp-content\/uploads\/2024\/12\/img-IDFoYnKAWrsM6C5CsSwro-1.jpg 768w, https:\/\/prosper-bsr.eu\/wp-content\/uploads\/2024\/12\/img-IDFoYnKAWrsM6C5CsSwro-1-240x300.jpg 240w\" sizes=\"auto, (max-width: 768px) 100vw, 768px\" \/><\/figure>\n\n<\/div>\n<\/div>\n\n<div class=\"gb-container gb-container-7892aab5 gbp-section\">\n<div class=\"gb-container gb-container-817ce40d\">\n<div class=\"gb-container gb-container-1e1553c0\">\n\n<h2 class=\"gb-headline gb-headline-8f3d0d53 gb-headline-text gbp-section__headline\"><strong>Overcoming the Language Barrier<\/strong><\/h2>\n\n<\/div>\n<\/div>\n\n\n<div class=\"gb-headline gb-headline-1177dc73 gb-headline-text gbp-section__text\">Most Ukrainians who come to Lithuania can only communicate in their mother tongue or Russian. According to the Lithuanian Statistics Department, more than 90% of Lithuanians speak at least one foreign language; however, not all of them speak the same language. Only the older generation can communicate in Russian without problems, while those born after 1986 have a good command of English, French, German and other languages.&nbsp;<a href=\"https:\/\/www.supergarden.lt\/en\" target=\"_blank\" rel=\"noreferrer noopener\">Supergarden<\/a>\u2019s CEO notes that even then, it is possible to communicate.<\/div>\n\n\n\n<p><br>For example, a manager, who came from Ukraine, worked at the company as an export manager for Russian-speaking markets.&nbsp;<a href=\"https:\/\/www.supergarden.lt\/en\" target=\"_blank\" rel=\"noreferrer noopener\">Supergarden<\/a>\u2019s sales department consists of younger people, the majority of whom do not speak Russian. Nevertheless, one Ukrainian woman had already learnt a number of Lithuanian words over the course of a year, the words directly related to her job, product names, etc. Kaziukonien\u0117 observes that those who do not know Russian communicate with the help of the google translate, while the sales manager, who has not yet mastered Russian, has been improving his skills, as the Ukrainian employee does not speak English at all.<\/p>\n\n\n\n<p><br>The situation is less complicated in&nbsp;<a href=\"https:\/\/www.supergarden.lt\/en\" target=\"_blank\" rel=\"noreferrer noopener\">Supergarden<\/a>\u2019s manufacturing sector, where older staff members speak Russian.<\/p>\n\n<\/div>\n\n<div class=\"gb-container gb-container-606f5e28\">\n<div class=\"gb-container gb-container-4b069c80\">\n<div class=\"gb-container gb-container-f1266b07\">\n\n<h2 class=\"gb-headline gb-headline-e01f3500 gb-headline-text gbp-section__headline\"><strong>Adaptability Is Critical<\/strong><\/h2>\n\n\n\n<div class=\"gb-headline gb-headline-14d94313 gb-headline-text gbp-section__text\"><a href=\"https:\/\/www.supergarden.lt\/en\" target=\"_blank\" rel=\"noreferrer noopener\">Supergarden<\/a>&nbsp;specializes in freeze-dried berries, spices and vegetables. Freeze-drying is by far the most efficient food preservation technology. This process preserves up to 98% of the nutrients, vitamins and minerals in vegetables, berries, fruit and other foods. The company\u2019s CEO points out that broad horizons and adaptability are critical for their innovative business.<\/div>\n\n\n\n<p><br>This is especially true in recent times, when everything has been constantly changing, i.e. pandemics and war. Kaziukonien\u0117 thinks that employing foreigners in this current geopolitical situation is very useful because it broadens one\u2019s thinking. \u201cFor one, it teaches you that Russian can be seen not as an aggressor but as another foreign language that you don\u2019t carry around on your shoulders,\u201d the CEO notes. \u201cAlso, working with Ukrainians nurtures one\u2019s empathy. It is one thing to see war refugees on the TV and quite another to see that refugee in person every day, to see how they cry when they receive messages from their relatives who have remained in Ukraine.\u201d Kaziukonien\u0117 is convinced that such situations teach us to be more sensitive to surroundings and at the same time to realize how important it is to adapt quickly to new circumstances.<\/p>\n\n<\/div>\n<\/div>\n\n<div class=\"gb-container gb-container-ee3c8170\">\n\n<figure class=\"wp-block-image size-full\"><img loading=\"lazy\" decoding=\"async\" width=\"750\" height=\"1000\" src=\"https:\/\/prosper-bsr.eu\/wp-content\/uploads\/2024\/12\/image00001.jpeg\" alt=\"\" class=\"wp-image-625\" srcset=\"https:\/\/prosper-bsr.eu\/wp-content\/uploads\/2024\/12\/image00001.jpeg 750w, https:\/\/prosper-bsr.eu\/wp-content\/uploads\/2024\/12\/image00001-225x300.jpeg 225w\" sizes=\"auto, (max-width: 750px) 100vw, 750px\" \/><\/figure>\n\n<\/div>\n<\/div>\n\n<div class=\"gb-container gb-container-a308b572\">\n<div class=\"gb-container gb-container-c805d078\">\n<div class=\"gb-container gb-container-1a79d97c\">\n\n<h2 class=\"gb-headline gb-headline-93c62c25 gb-headline-text gbp-section__headline\"><strong>Not Just Charity<\/strong><\/h2>\n\n\n\n<div class=\"gb-headline gb-headline-0017de38 gb-headline-text gbp-section__text\"><a href=\"https:\/\/www.supergarden.lt\/en\" target=\"_blank\" rel=\"noreferrer noopener\">Supergarden<\/a>&nbsp;fosters a long-standing friendship with the&nbsp;<a href=\"https:\/\/pssuc.lt\/ugdymo-centras\" target=\"_blank\" rel=\"noreferrer noopener\">Panev\u0117\u017eys Day Care Centre \u0160viesa<\/a>, where children and young people with Down syndrome and other intellectual disabilities receive assistance. They help company by folding small paper packages. It is a very demanding activity that develops fine motor skills. Together with the Aurika printing company,&nbsp;<a href=\"https:\/\/www.supergarden.lt\/en\" target=\"_blank\" rel=\"noreferrer noopener\">Supergarden<\/a>&nbsp;organized a competition across Lithuania where children drew packaging for the company\u2019s products. All proceeds from the sale of products with these labels will go to \u0160viesa. \u201cOf course, just like every year at Christmas, we will also give gifts to the Center\u2019s patrons,\u201d the CEO says.<\/div>\n\n\n\n<p><\/p>\n\n\n\n<p><a href=\"https:\/\/www.supergarden.lt\/en\" target=\"_blank\" rel=\"noreferrer noopener\">Supergarden<\/a>\u2019s CEO points out that social responsibility is not a charity given occasionally and driven by the desire to appear good. From Kaziukonien\u0117\u2019s point of view, social responsibility is a reciprocal trade-off. \u201cWe help the children by providing them with the activities and by giving financial support, and the children help us by doing the packaging. It is the same with the Ukrainians: We have given them all the moral and material support we can and they repay us with sincere and quality work,\u201d the CEO says. The company is not just giving but also getting back. In this way, social responsibility becomes a very well-oiled mechanism that builds long-term relationships.<\/p>\n\n<\/div>\n<\/div>\n\n<div class=\"gb-container gb-container-620b54a4\">\n\n<figure class=\"wp-block-image size-large\"><img loading=\"lazy\" decoding=\"async\" width=\"768\" height=\"1024\" src=\"https:\/\/prosper-bsr.eu\/wp-content\/uploads\/2024\/12\/image00010-768x1024.jpeg\" alt=\"\" class=\"wp-image-626\" srcset=\"https:\/\/prosper-bsr.eu\/wp-content\/uploads\/2024\/12\/image00010-768x1024.jpeg 768w, https:\/\/prosper-bsr.eu\/wp-content\/uploads\/2024\/12\/image00010-225x300.jpeg 225w, https:\/\/prosper-bsr.eu\/wp-content\/uploads\/2024\/12\/image00010-1152x1536.jpeg 1152w, https:\/\/prosper-bsr.eu\/wp-content\/uploads\/2024\/12\/image00010.jpeg 1536w\" sizes=\"auto, (max-width: 768px) 100vw, 768px\" \/><\/figure>\n\n<\/div>\n<\/div>","protected":false},"excerpt":{"rendered":"<p>According to&nbsp;Lithuanian Statistics, over 75,000 Ukrainians have arrived in Lithuania since the beginning of the war in Ukraine. After receiving temporary shelter, the main issue for the Ukrainians has been how to make a living. Responsible businesses in Lithuania have stepped up to help the refugees, including&nbsp;Supergarden, a producer of freeze-dried berries, spices and vegetables. &#8230; <a title=\"Social Responsibility as Part of Reciprocal Trade-Off\" class=\"read-more\" href=\"https:\/\/prosper-bsr.eu\/?page_id=467\" aria-label=\"Read more about Social Responsibility as Part of Reciprocal Trade-Off\">Read more<\/a><\/p>\n","protected":false},"author":3,"featured_media":0,"parent":0,"menu_order":0,"comment_status":"closed","ping_status":"closed","template":"","meta":{"footnotes":""},"class_list":["post-467","page","type-page","status-publish"],"_links":{"self":[{"href":"https:\/\/prosper-bsr.eu\/index.php?rest_route=\/wp\/v2\/pages\/467","targetHints":{"allow":["GET"]}}],"collection":[{"href":"https:\/\/prosper-bsr.eu\/index.php?rest_route=\/wp\/v2\/pages"}],"about":[{"href":"https:\/\/prosper-bsr.eu\/index.php?rest_route=\/wp\/v2\/types\/page"}],"author":[{"embeddable":true,"href":"https:\/\/prosper-bsr.eu\/index.php?rest_route=\/wp\/v2\/users\/3"}],"replies":[{"embeddable":true,"href":"https:\/\/prosper-bsr.eu\/index.php?rest_route=%2Fwp%2Fv2%2Fcomments&post=467"}],"version-history":[{"count":6,"href":"https:\/\/prosper-bsr.eu\/index.php?rest_route=\/wp\/v2\/pages\/467\/revisions"}],"predecessor-version":[{"id":841,"href":"https:\/\/prosper-bsr.eu\/index.php?rest_route=\/wp\/v2\/pages\/467\/revisions\/841"}],"wp:attachment":[{"href":"https:\/\/prosper-bsr.eu\/index.php?rest_route=%2Fwp%2Fv2%2Fmedia&parent=467"}],"curies":[{"name":"wp","href":"https:\/\/api.w.org\/{rel}","templated":true}]}}