{"id":410,"date":"2024-08-27T14:03:07","date_gmt":"2024-08-27T13:03:07","guid":{"rendered":"https:\/\/prosper-bsr.eu\/?page_id=410"},"modified":"2025-01-22T12:43:36","modified_gmt":"2025-01-22T12:43:36","slug":"events","status":"publish","type":"page","link":"https:\/\/prosper-bsr.eu\/?page_id=410","title":{"rendered":"Events"},"content":{"rendered":"\n<h1 class=\"wp-block-heading\"><mark style=\"background-color:rgba(0, 0, 0, 0)\" class=\"has-inline-color has-accent-color\">Final Prosper BSR Conference &#8211; Riga, September 2024<\/mark><\/h1>\n\n\n\n<h5 class=\"wp-block-heading\"><mark style=\"background-color:rgba(0, 0, 0, 0)\" class=\"has-inline-color has-accent-color\">04 September 2024<\/mark><\/h5>\n\n\n\n<p><strong>Participants representing Business Support Organisations, Universtities, Policy and NGOS took part in our Final Prosper BSR Conference<\/strong>.<\/p>\n\n\n\n<p>The final conference of the Prosper BSR project, held in Riga on September 4, 2024, featured an agenda focused on the integration of international employment and support for refugees.<\/p>\n\n\n\n<p>The event began with an introduction by Max Hogeforster of the Hanse-Parlament, followed by an overview of the project by Anna-Maria Czarny,&nbsp; leading into discussions on integration experiences from Poland and international employment in Lithuania, presented by Julia Czarnecka (Polish Chamber of Commerce) and Audron\u0117 Masandukait\u0117 (Vilnius Chamber of Commerce, Crafts and Industry).<\/p>\n\n\n\n<p>The afternoon session continued with a presentation by Inese Sald\u0101bola (Head of the Integration and Inclusion Agency, Society Integration Foundation Republic of Latvia) on integration efforts in Latvia, and L\u012bga Si\u010deva (Director of EU project department, Latvian Chamber of Commerce and Industry)addressed the employment of Ukrainian refugees in the country, highlighting both past experiences and future opportunities. Yana Khromiak from International House Vilnius discussed community integration and retention strategies.<\/p>\n\n\n\n<p>This was followed by the introduction of the App developed within the framwork of the project, providing insights into knowledge gathered throughout the project duration (Best Practices, Capacity Building for BSOs, Contact Information to institutions taking part in the integration of interntional employment and support). The App was developed by DANMAR COMPUTERS SP ZOO, a project partner and the presentation as held by Maciej Cegli\u0144ski.<\/p>\n\n\n\n<p>The conference concluded with asking all participants to sign a Memorandum of Understanding, emphasizing future collaboration in fostering international employment and refugee support.<\/p>\n\n\n\n<p>Our event ended on a note of optimism, with attendees expressing their commitment to furthering integration initiatives across the Baltic Sea Region.<\/p>\n\n\n\n<figure class=\"wp-block-embed is-type-video is-provider-youtube wp-block-embed-youtube wp-embed-aspect-16-9 wp-has-aspect-ratio\"><div class=\"wp-block-embed__wrapper\">\n<iframe loading=\"lazy\" title=\"Interreg Baltic Sea Region - Prosper BSR Final Video\" width=\"1200\" height=\"675\" src=\"https:\/\/www.youtube.com\/embed\/aGXaeaDiyK0?feature=oembed\" frameborder=\"0\" allow=\"accelerometer; autoplay; clipboard-write; encrypted-media; gyroscope; picture-in-picture; web-share\" referrerpolicy=\"strict-origin-when-cross-origin\" allowfullscreen><\/iframe>\n<\/div><\/figure>\n\n\n\n<p><\/p>\n\n\n\n<div class=\"wp-block-cover\"><span aria-hidden=\"true\" class=\"wp-block-cover__background has-background-dim\"><\/span><img loading=\"lazy\" decoding=\"async\" width=\"1024\" height=\"536\" class=\"wp-block-cover__image-background wp-image-411\" alt=\"\" src=\"https:\/\/prosper-bsr.eu\/wp-content\/uploads\/2024\/08\/Latvia-Riga-1024x536.jpg\" style=\"object-position:49% 45%\" data-object-fit=\"cover\" data-object-position=\"49% 45%\" srcset=\"https:\/\/prosper-bsr.eu\/wp-content\/uploads\/2024\/08\/Latvia-Riga-1024x536.jpg 1024w, https:\/\/prosper-bsr.eu\/wp-content\/uploads\/2024\/08\/Latvia-Riga-300x157.jpg 300w, https:\/\/prosper-bsr.eu\/wp-content\/uploads\/2024\/08\/Latvia-Riga-768x402.jpg 768w, https:\/\/prosper-bsr.eu\/wp-content\/uploads\/2024\/08\/Latvia-Riga.jpg 1280w\" sizes=\"auto, (max-width: 1024px) 100vw, 1024px\" \/><div class=\"wp-block-cover__inner-container is-layout-flow wp-block-cover-is-layout-flow\">\n<p class=\"has-text-align-center has-large-font-size\">We look forward to welcome you to the final conference of the Prosper BSR project on 4th of September 2024 in Riga, Latvia!<\/p>\n<\/div><\/div>\n\n\n\n<p><\/p>\n\n\n\n<h3 class=\"wp-block-heading\"><em>Venue:<br>Latvia, Rai\u0146a bulv\u0101ris 19, R\u012bga, The Great Hall.<\/em><\/h3>\n\n\n\n<p>Registration closed.<\/p>\n\n\n\n<p class=\"has-large-font-size\">Agenda:<\/p>\n\n\n\n<ul class=\"wp-block-list\">\n<li>14:30 Background of the project, Max Hogeforster, Hanse-Parlament<\/li>\n\n\n\n<li>15:00 Welcome speech by Mykola Zasulsky, President Chamber of Commerce Kiew, Ukraine<\/li>\n\n\n\n<li>15:15 Setup of the project, Anna-Maria Czarny, Hanse-Parlament<\/li>\n\n\n\n<li>15:30 Experiences with integration from Poland, Julia Czarnecka, Polish Chamber of Commerce<\/li>\n\n\n\n<li>15:45 Internationals Employment in Lithuania, Audron\u0117 Masandukait\u0117, Vilnius Chamber of Commerce, Crafts and Industry<\/li>\n\n\n\n<li>16:00 Coffee Break<\/li>\n\n\n\n<li>16:15 Ms Inese Sald\u0101bola, Head of the Integration and Inclusion Agency, Society Integration Foundation Republic of Latvia<\/li>\n\n\n\n<li>16: 30 Employment of Ukrainian refugees in Latvia: past experience and future opportunities, L\u012bga Si\u010deva, Latvian Chamber of Commerce and Crafts<\/li>\n\n\n\n<li>16:45 International community integration and retention, Yana Khromiak, International House Vilnius<\/li>\n\n\n\n<li>17:00 Introduction to an App, Maciej Cegli\u0144ski, DANMAR Computers<\/li>\n\n\n\n<li>17:15 Memorandum of Understanding and Outlook, Max Hogeforster, Hanse-Parlament<\/li>\n\n\n\n<li>17:45 End of conference<\/li>\n<\/ul>\n","protected":false},"excerpt":{"rendered":"<p>Final Prosper BSR Conference &#8211; Riga, September 2024 04 September 2024 Participants representing Business Support Organisations, Universtities, Policy and NGOS took part in our Final Prosper BSR Conference. The final conference of the Prosper BSR project, held in Riga on September 4, 2024, featured an agenda focused on the integration of international employment and support &#8230; <a title=\"Events\" class=\"read-more\" href=\"https:\/\/prosper-bsr.eu\/?page_id=410\" aria-label=\"Read more about Events\">Read more<\/a><\/p>\n","protected":false},"author":3,"featured_media":0,"parent":0,"menu_order":0,"comment_status":"closed","ping_status":"closed","template":"","meta":{"footnotes":""},"class_list":["post-410","page","type-page","status-publish"],"_links":{"self":[{"href":"https:\/\/prosper-bsr.eu\/index.php?rest_route=\/wp\/v2\/pages\/410","targetHints":{"allow":["GET"]}}],"collection":[{"href":"https:\/\/prosper-bsr.eu\/index.php?rest_route=\/wp\/v2\/pages"}],"about":[{"href":"https:\/\/prosper-bsr.eu\/index.php?rest_route=\/wp\/v2\/types\/page"}],"author":[{"embeddable":true,"href":"https:\/\/prosper-bsr.eu\/index.php?rest_route=\/wp\/v2\/users\/3"}],"replies":[{"embeddable":true,"href":"https:\/\/prosper-bsr.eu\/index.php?rest_route=%2Fwp%2Fv2%2Fcomments&post=410"}],"version-history":[{"count":16,"href":"https:\/\/prosper-bsr.eu\/index.php?rest_route=\/wp\/v2\/pages\/410\/revisions"}],"predecessor-version":[{"id":885,"href":"https:\/\/prosper-bsr.eu\/index.php?rest_route=\/wp\/v2\/pages\/410\/revisions\/885"}],"wp:attachment":[{"href":"https:\/\/prosper-bsr.eu\/index.php?rest_route=%2Fwp%2Fv2%2Fmedia&parent=410"}],"curies":[{"name":"wp","href":"https:\/\/api.w.org\/{rel}","templated":true}]}}