{"id":350,"date":"2023-04-27T12:29:55","date_gmt":"2023-04-27T11:29:55","guid":{"rendered":"https:\/\/prosper-bsr.eu\/?page_id=350"},"modified":"2024-12-23T14:28:08","modified_gmt":"2024-12-23T14:28:08","slug":"success-stories","status":"publish","type":"page","link":"https:\/\/prosper-bsr.eu\/?page_id=350","title":{"rendered":"Success Stories (alt)"},"content":{"rendered":"<div class=\"gb-container gb-container-acb2685c\">\n<div class=\"gb-container gb-container-1512ac4a\"><\/div>\n\n\n<h4 class=\"gb-headline gb-headline-347f3cd9\"><span class=\"gb-icon\"><svg aria-hidden=\"true\" role=\"img\" height=\"1em\" width=\"1em\" viewBox=\"0 0 256 512\" xmlns=\"http:\/\/www.w3.org\/2000\/svg\"><path fill=\"currentColor\" d=\"M224.3 273l-136 136c-9.4 9.4-24.6 9.4-33.9 0l-22.6-22.6c-9.4-9.4-9.4-24.6 0-33.9l96.4-96.4-96.4-96.4c-9.4-9.4-9.4-24.6 0-33.9L54.3 103c9.4-9.4 24.6-9.4 33.9 0l136 136c9.5 9.4 9.5 24.6.1 34z\"><\/path><\/svg><\/span><span class=\"gb-headline-text\"><a href=\"#reciprocal\" class=\"smooth-scroll\">Social Responsibility as Part of Reciprocal Trade-Off<\/a><\/span><\/h4>\n\n\n\n<h4 class=\"gb-headline gb-headline-5810a6df\"><span class=\"gb-icon\"><svg aria-hidden=\"true\" role=\"img\" height=\"1em\" width=\"1em\" viewBox=\"0 0 256 512\" xmlns=\"http:\/\/www.w3.org\/2000\/svg\"><path fill=\"currentColor\" d=\"M224.3 273l-136 136c-9.4 9.4-24.6 9.4-33.9 0l-22.6-22.6c-9.4-9.4-9.4-24.6 0-33.9l96.4-96.4-96.4-96.4c-9.4-9.4-9.4-24.6 0-33.9L54.3 103c9.4-9.4 24.6-9.4 33.9 0l136 136c9.5 9.4 9.5 24.6.1 34z\"><\/path><\/svg><\/span><span class=\"gb-headline-text\"><a href=\"#varenos-pienelis\" class=\"smooth-scroll\">Ukrainians are Motivated Workers says Lithuanian employer Var\u0117nos pienelis<\/a><\/span><\/h4>\n\n\n\n<hr class=\"wp-block-separator has-text-color has-contrast-3-color has-alpha-channel-opacity has-contrast-3-background-color has-background\"\/>\n\n\n<div class=\"gb-container gb-container-dbeb974a\" id=\"reciprocal\">\n\n<h2 class=\"gb-headline gb-headline-38de1be1 gb-headline-text\">Success story: Social Responsibility as Part of Reciprocal Trade-Off<\/h2>\n\n\n\n<p>According to&nbsp;<a href=\"https:\/\/osp.stat.gov.lt\/ukraine-dashboards\" target=\"_blank\" rel=\"noreferrer noopener\">Lithuanian Statistics<\/a>, over 75,000 Ukrainians have arrived in Lithuania since the beginning of the war in Ukraine. After receiving temporary shelter, the main issue for the Ukrainians has been how to make a living. Responsible businesses in Lithuania have stepped up to help the refugees, including&nbsp;<a href=\"https:\/\/www.supergarden.lt\/en\" target=\"_blank\" rel=\"noreferrer noopener\">Supergarden<\/a>, a producer of freeze-dried berries, spices and vegetables.<\/p>\n\n\n<div class=\"wp-block-image\">\n<figure class=\"alignleft size-full\"><img loading=\"lazy\" decoding=\"async\" width=\"320\" height=\"229\" src=\"https:\/\/prosper-bsr.eu\/wp-content\/uploads\/2023\/04\/Laura-Kaziukoniene-320x229-1.jpg\" alt=\"\" class=\"wp-image-352\" srcset=\"https:\/\/prosper-bsr.eu\/wp-content\/uploads\/2023\/04\/Laura-Kaziukoniene-320x229-1.jpg 320w, https:\/\/prosper-bsr.eu\/wp-content\/uploads\/2023\/04\/Laura-Kaziukoniene-320x229-1-300x215.jpg 300w\" sizes=\"auto, (max-width: 320px) 100vw, 320px\" \/><\/figure><\/div>\n\n\n<p><a href=\"https:\/\/www.linkedin.com\/in\/laura-kaziukoniene-b76b88b4\/\" target=\"_blank\" rel=\"noreferrer noopener\">Laura Kaziukonien\u0117<\/a>, the founder and CEO of the company, says that the decision to help the Ukrainians was a natural one. The company had a branch in Ukraine, so when the war broke out, she invited people who worked in Ukraine to Lithuania. However, only one manager and her daughter came. At the beginning of December last year, they went back to Ukraine to join with their husband and father.<\/p>\n\n\n\n<p>Afterwards,&nbsp;<a href=\"https:\/\/www.supergarden.lt\/en\" target=\"_blank\" rel=\"noreferrer noopener\">Supergarden<\/a>&nbsp;employed a few more Ukrainians in the factory, with whom it had no previous working or personal relationship. They settled in Panev\u0117\u017eys and began to look for work. \u201cAlthough their specialty was not in packaging, we took the time to train them,\u201d Kaziukonien\u0117 says. \u201cSome of them took temporary jobs, and one woman plans to put down her roots in Lithuania and continue working for&nbsp;<a href=\"https:\/\/www.supergarden.lt\/en\" target=\"_blank\" rel=\"noreferrer noopener\">Supergarden<\/a>. Her child attends a school in Panev\u0117\u017eys, and she supports her family.\u201d As for foreigners, a student from Greece has been currently doing an internship at the company, having come through the Erasmus international student exchange program.<\/p>\n\n\n\n<h3 class=\"gb-headline gb-headline-0e53a5f0 gb-headline-text\"><strong>Overcoming the Language Barrier<\/strong><\/h3>\n\n\n\n<p>Most Ukrainians who come to Lithuania can only communicate in their mother tongue or Russian. According to the Lithuanian Statistics Department, more than 90% of Lithuanians speak at least one foreign language; however, not all of them speak the same language. Only the older generation can communicate in Russian without problems, while those born after 1986 have a good command of English, French, German and other languages.&nbsp;<a href=\"https:\/\/www.supergarden.lt\/en\" target=\"_blank\" rel=\"noreferrer noopener\">Supergarden<\/a>\u2019s CEO notes that even then, it is possible to communicate.<\/p>\n\n\n\n<p>For example, a manager, who came from Ukraine, worked at the company as an export manager for Russian-speaking markets.&nbsp;<a href=\"https:\/\/www.supergarden.lt\/en\" target=\"_blank\" rel=\"noreferrer noopener\">Supergarden<\/a>\u2019s sales department consists of younger people, the majority of whom do not speak Russian. Nevertheless, one Ukrainian woman had already learnt a number of Lithuanian words over the course of a year, the words directly related to her job, product names, etc. Kaziukonien\u0117 observes that those who do not know Russian communicate with the help of the google translate, while the sales manager, who has not yet mastered Russian, has been improving his skills, as the Ukrainian employee does not speak English at all.<\/p>\n\n\n\n<p>The situation is less complicated in&nbsp;<a href=\"https:\/\/www.supergarden.lt\/en\" target=\"_blank\" rel=\"noreferrer noopener\">Supergarden<\/a>\u2019s manufacturing sector, where older staff members speak Russian.<\/p>\n\n\n\n<h3 class=\"gb-headline gb-headline-a1e33729 gb-headline-text\"><strong>Adaptability Is Critical<\/strong><\/h3>\n\n\n<div class=\"wp-block-image\">\n<figure class=\"alignleft size-full\"><img loading=\"lazy\" decoding=\"async\" width=\"320\" height=\"213\" src=\"https:\/\/prosper-bsr.eu\/wp-content\/uploads\/2023\/04\/Super-Garden-veggies-320x213-1.jpg\" alt=\"\" class=\"wp-image-353\" srcset=\"https:\/\/prosper-bsr.eu\/wp-content\/uploads\/2023\/04\/Super-Garden-veggies-320x213-1.jpg 320w, https:\/\/prosper-bsr.eu\/wp-content\/uploads\/2023\/04\/Super-Garden-veggies-320x213-1-300x200.jpg 300w\" sizes=\"auto, (max-width: 320px) 100vw, 320px\" \/><\/figure><\/div>\n\n\n<p><a href=\"https:\/\/www.supergarden.lt\/en\" target=\"_blank\" rel=\"noreferrer noopener\">Supergarden<\/a>&nbsp;specializes in freeze-dried berries, spices and vegetables. Freeze-drying is by far the most efficient food preservation technology. This process preserves up to 98% of the nutrients, vitamins and minerals in vegetables, berries, fruit and other foods. The company\u2019s CEO points out that broad horizons and adaptability are critical for their innovative business.<\/p>\n\n\n\n<p>This is especially true in recent times, when everything has been constantly changing, i.e. pandemics and war. Kaziukonien\u0117 thinks that employing foreigners in this current geopolitical situation is very useful because it broadens one\u2019s thinking. \u201cFor one, it teaches you that Russian can be seen not as an aggressor but as another foreign language that you don\u2019t carry around on your shoulders,\u201d the CEO notes. \u201cAlso, working with Ukrainians nurtures one\u2019s empathy. It is one thing to see war refugees on the TV and quite another to see that refugee in person every day, to see how they cry when they receive messages from their relatives who have remained in Ukraine.\u201d Kaziukonien\u0117 is convinced that such situations teach us to be more sensitive to surroundings and at the same time to realize how important it is to adapt quickly to new circumstances.<\/p>\n\n\n\n<h3 class=\"gb-headline gb-headline-8ac8e38a gb-headline-text\"><strong>Not Just Charity<\/strong><\/h3>\n\n\n\n<p><a href=\"https:\/\/www.supergarden.lt\/en\" target=\"_blank\" rel=\"noreferrer noopener\">Supergarden<\/a>&nbsp;fosters a long-standing friendship with the&nbsp;<a href=\"https:\/\/pssuc.lt\/ugdymo-centras\" target=\"_blank\" rel=\"noreferrer noopener\">Panev\u0117\u017eys Day Care Centre \u0160viesa<\/a>, where children and young people with Down syndrome and other intellectual disabilities receive assistance. They help company by folding small paper packages. It is a very demanding activity that develops fine motor skills. Together with the Aurika printing company,&nbsp;<a href=\"https:\/\/www.supergarden.lt\/en\" target=\"_blank\" rel=\"noreferrer noopener\">Supergarden<\/a>&nbsp;organized a competition across Lithuania where children drew packaging for the company\u2019s products. All proceeds from the sale of products with these labels will go to \u0160viesa. \u201cOf course, just like every year at Christmas, we will also give gifts to the Center\u2019s patrons,\u201d the CEO says.<\/p>\n\n\n<div class=\"wp-block-image\">\n<figure class=\"alignright size-full\"><img loading=\"lazy\" decoding=\"async\" width=\"320\" height=\"213\" src=\"https:\/\/prosper-bsr.eu\/wp-content\/uploads\/2023\/04\/Super-Garden-ice-cream-320x213-1.jpg\" alt=\"\" class=\"wp-image-354\" srcset=\"https:\/\/prosper-bsr.eu\/wp-content\/uploads\/2023\/04\/Super-Garden-ice-cream-320x213-1.jpg 320w, https:\/\/prosper-bsr.eu\/wp-content\/uploads\/2023\/04\/Super-Garden-ice-cream-320x213-1-300x200.jpg 300w\" sizes=\"auto, (max-width: 320px) 100vw, 320px\" \/><\/figure><\/div>\n\n\n<p><a href=\"https:\/\/www.supergarden.lt\/en\" target=\"_blank\" rel=\"noreferrer noopener\">Supergarden<\/a>\u2019s CEO points out that social responsibility is not a charity given occasionally and driven by the desire to appear good. From Kaziukonien\u0117\u2019s point of view, social responsibility is a reciprocal trade-off. \u201cWe help the children by providing them with the activities and by giving financial support, and the children help us by doing the packaging. It is the same with the Ukrainians: We have given them all the moral and material support we can and they repay us with sincere and quality work,\u201d the CEO says. The company is not just giving but also getting back. In this way, social responsibility becomes a very well-oiled mechanism that builds long-term relationships.<\/p>\n\n<\/div>\n\n\n<div style=\"height:50px\" aria-hidden=\"true\" class=\"wp-block-spacer\"><\/div>\n\n\n<div class=\"gb-container gb-container-4acb43b6\" id=\"varenos-pienelis\">\n\n<hr class=\"wp-block-separator has-text-color has-accent-color has-alpha-channel-opacity has-accent-background-color has-background is-style-wide\"\/>\n\n\n\n<h2 class=\"gb-headline gb-headline-10ab873c gb-headline-text\">Success story: Ukrainians are Motivated Workers says Lithuanian employer Var\u0117nos pienelis<\/h2>\n\n\n<div class=\"gb-container gb-container-71af9fa9\">\n\n<p>Currently, there are 74,6 thousand Ukrainian refugees in Lithuania, according to Lithuanian statistics:&nbsp;<a href=\"https:\/\/osp.stat.gov.lt\/ukraine-dashboards\" target=\"_blank\" rel=\"noreferrer noopener\">War refugees from Ukraine.<\/a>&nbsp;Based on data from Lithuanian Employment Service, since the beginning of the war in Ukraine, more than 21 thousand Ukrainians have been employed in all municipalities of Lithuania, and almost every third in Vilnius.<\/p>\n\n\n\n<p>The Ukrainians who have taken up jobs at&nbsp;<a href=\"https:\/\/varenospienelis.lt\/en\" target=\"_blank\" rel=\"noreferrer noopener\">Var\u0117nos pienelis<\/a>&nbsp;in Alytus county, have helped to solve the shortage of workers at this small dairy company. Jolanta Kuzminien\u0117, the director of the company, says that the Ukrainian workers are responsible and very motivated.<\/p>\n\n\n<div class=\"wp-block-image\">\n<figure class=\"alignright size-full\"><img loading=\"lazy\" decoding=\"async\" width=\"304\" height=\"320\" src=\"https:\/\/prosper-bsr.eu\/wp-content\/uploads\/2023\/04\/Varenos-pienelis-director-Jolanta-Kuzminiene-304x320-1.jpg\" alt=\"\" class=\"wp-image-355\" srcset=\"https:\/\/prosper-bsr.eu\/wp-content\/uploads\/2023\/04\/Varenos-pienelis-director-Jolanta-Kuzminiene-304x320-1.jpg 304w, https:\/\/prosper-bsr.eu\/wp-content\/uploads\/2023\/04\/Varenos-pienelis-director-Jolanta-Kuzminiene-304x320-1-285x300.jpg 285w\" sizes=\"auto, (max-width: 304px) 100vw, 304px\" \/><\/figure><\/div>\n\n\n<p>The first Ukrainians started working at&nbsp;<a href=\"https:\/\/varenospienelis.lt\/en\" target=\"_blank\" rel=\"noreferrer noopener\">Var\u0117nos pienelis<\/a>&nbsp;about four years ago. At that time, the workforce was tight, and the company\u2019s manager tried to attract workers from other towns, but without success. \u201cThere was a shortage of male workers (women cannot work in some positions due to the greater need for physical strength) but could not find them in the surrounding areas. When we found out that there was an opportunity to employ foreigners, we decided to give it a try,\u201d Kuzminien\u0117 says.<\/p>\n\n\n\n<p>Sixteen Ukrainians are currently working in the company in Var\u0117na. They came in three waves. The first wave was made up of men who arrived to Lithuania a few years ago. They left their families back home and came here to earn money. The second wave was arranged: in cooperation with a company in Ukraine, the necessary skilled workers were selected. The third wave&nbsp;<a href=\"https:\/\/varenospienelis.lt\/en\" target=\"_blank\" rel=\"noreferrer noopener\">Var\u0117nos pienelis<\/a>&nbsp;labor shortage, which the company has been experiencing every year for the last ten years. \u201cThis spring, we were short of as many as twenty workers,\u201d the director of the company says. \u201cThe Ukrainians made up for this shortage.\u201d<\/p>\n\n<\/div>\n\n<div class=\"gb-container gb-container-d0adb020\">\n\n<h3 class=\"gb-headline gb-headline-512d314a gb-headline-text\"><strong>Cooperation<\/strong><\/h3>\n\n\n\n<p>Kuzminien\u0117 says that the Ukrainians not only helped to reduce the shortage of workers, but also to increase production volume. The company could take on even more workers, because it wants to function at even higher capacity. \u201cOur company regularly faces labor shortages because the Lithuanian labor market has a big obstacle\u2014the benefit system. Some people have perfected such a living that they are not motivated by salaries, at least in our country,\u201d the director regrets.<\/p>\n\n\n<div class=\"wp-block-image\">\n<figure class=\"alignleft size-full\"><img loading=\"lazy\" decoding=\"async\" width=\"320\" height=\"240\" src=\"https:\/\/prosper-bsr.eu\/wp-content\/uploads\/2023\/04\/Varenos-pienelis-gamykla-320x240-1.jpg\" alt=\"\" class=\"wp-image-356\" srcset=\"https:\/\/prosper-bsr.eu\/wp-content\/uploads\/2023\/04\/Varenos-pienelis-gamykla-320x240-1.jpg 320w, https:\/\/prosper-bsr.eu\/wp-content\/uploads\/2023\/04\/Varenos-pienelis-gamykla-320x240-1-300x225.jpg 300w\" sizes=\"auto, (max-width: 320px) 100vw, 320px\" \/><\/figure><\/div>\n\n\n<p>According to her, Ukrainians are a different matter. They are motivated to work and earn. \u201cFor us, this has multiple benefits. First, we fill empty jobs and can produce more. Secondly, it is good to help people. Our company has always been committed to charity and social aid, so it was never a question of helping refugees. We gave them shelter and offered them jobs so that they could earn and feel dignified,\u201d Kuzminien\u0117 notes. She adds that all Ukrainians working in the company have a healthy attitude towards work. For them, work at the company is a source of livelihood, a way to save up and start a better life, to rebuild their homes when they return to Ukraine.&nbsp;<a href=\"https:\/\/varenospienelis.lt\/en\" target=\"_blank\" rel=\"noreferrer noopener\">Var\u0117nos pienelis<\/a>&nbsp;director regrets that young Lithuanians often see work as an obligation or a misery.<\/p>\n\n\n\n<p><\/p>\n\n<\/div>\n\n<div class=\"gb-container gb-container-94099aa3\">\n\n<h3 class=\"gb-headline gb-headline-a308c63d gb-headline-text\"><strong>Adjusting the Working Environment<\/strong><\/h3>\n\n\n\n<p>In&nbsp;<a href=\"https:\/\/varenospienelis.lt\/en\" target=\"_blank\" rel=\"noreferrer noopener\">Var\u0117nos pienelis<\/a>, the Ukrainians work in skilled jobs: men as line operators and women produce dairy products on the conveyor belt. The workers receive special training and instruction, as each workplace has its own specific requirements. \u201cWhen the Ukrainians arrived, there was a language barrier. We had to make changes so that there was at least one Russian speaker on each floor to help us communicate,\u201d Kuzminien\u0117 explains about the changes the company had to make. The company also translated all the necessary documents, instructions, etc. into Russian.<\/p>\n\n\n\n<p>Accommodation of newcomers was a bit more of a challenge. There were no new constructions in Var\u0117na, so it was almost impossible to find apartments for Ukrainians. The company was lucky enough to buy a four-room apartment. It arranged with another company to rent out the space, which&nbsp;<a href=\"https:\/\/varenospienelis.lt\/en\" target=\"_blank\" rel=\"noreferrer noopener\">Var\u0117nos pienelis<\/a>&nbsp;adapted and furnished. \u201cLuckily, Ukrainians are not very different from us, Lithuanians, culturally,\u201d Kuzminien\u0117 says. \u201cWe have had bitter experience with newcomers from Islamic countries. Because of their religious beliefs, they did not listen to women in higher positions. As southerners, they are used to move less and work less. They are also used to a collective way of life: If there are three of them, one of them will be the leader and two subordinates. This means that one of the three will not work.\u201d The director of&nbsp;<a href=\"https:\/\/varenospienelis.lt\/en\" target=\"_blank\" rel=\"noreferrer noopener\">Var\u0117nos pienelis<\/a>&nbsp;notes that cultural differences are very important to keep in mind. She advises other companies to take them into account when thinking about hiring workers from abroad.<\/p>\n\n\n\n<h3 class=\"gb-headline gb-headline-3cb4fd8d gb-headline-text\"><strong>Work Helps Integration<\/strong><\/h3>\n\n\n\n<p>Kuzminien\u0117 is pleased that Ukrainians have no problems with work. They are motivated and responsible, determined to earn a wage and not just to get one. \u201cPeople have worked in their own country and lived with dignity, imagine how hard it is to ask for help when you flee to a foreign country. By giving people the opportunity to earn a living, we take a heavy burden off their shoulders,\u201d the director says.<\/p>\n\n\n\n<p>The various forms of support and child money do not arrive as quickly as people would like in Lithuania. Some women came from Ukraine as they are\u2014without even the necessities. Thus, the company&nbsp;<a href=\"https:\/\/varenospienelis.lt\/en\" target=\"_blank\" rel=\"noreferrer noopener\">Var\u0117nos pienelis<\/a>&nbsp;divided up among the staff who would help which woman. In the beginning, before the children were enrolled in kindergartens and schools, the company arranged for some women to work and others to look after the children\u2014like a family. \u201cIn fact,\u201d Kuzminien\u0117 says, \u201cour company is like a big family. We also pay a lot of attention to the psychological well-being of Ukrainians. If a woman does not hear from her husband or other relatives on the front lines for a long time, we try to support and encourage her.\u201d<\/p>\n\n\n\n<p>Work also distracts from negative thoughts. It also helps the Ukrainians to integrate into society, learn a language, earn money and get health insurance. It is a significant step towards building a better life or starting afresh.<\/p>\n\n<\/div>\n<\/div>\n<\/div>","protected":false},"excerpt":{"rendered":"<p>Social Responsibility as Part of Reciprocal Trade-Off Ukrainians are Motivated Workers says Lithuanian employer Var\u0117nos pienelis Success story: Social Responsibility as Part of Reciprocal Trade-Off According to&nbsp;Lithuanian Statistics, over 75,000 Ukrainians have arrived in Lithuania since the beginning of the war in Ukraine. After receiving temporary shelter, the main issue for the Ukrainians has been &#8230; <a title=\"Success Stories (alt)\" class=\"read-more\" href=\"https:\/\/prosper-bsr.eu\/?page_id=350\" aria-label=\"Read more about Success Stories (alt)\">Read more<\/a><\/p>\n","protected":false},"author":1,"featured_media":0,"parent":0,"menu_order":0,"comment_status":"closed","ping_status":"closed","template":"","meta":{"footnotes":""},"class_list":["post-350","page","type-page","status-publish"],"_links":{"self":[{"href":"https:\/\/prosper-bsr.eu\/index.php?rest_route=\/wp\/v2\/pages\/350","targetHints":{"allow":["GET"]}}],"collection":[{"href":"https:\/\/prosper-bsr.eu\/index.php?rest_route=\/wp\/v2\/pages"}],"about":[{"href":"https:\/\/prosper-bsr.eu\/index.php?rest_route=\/wp\/v2\/types\/page"}],"author":[{"embeddable":true,"href":"https:\/\/prosper-bsr.eu\/index.php?rest_route=\/wp\/v2\/users\/1"}],"replies":[{"embeddable":true,"href":"https:\/\/prosper-bsr.eu\/index.php?rest_route=%2Fwp%2Fv2%2Fcomments&post=350"}],"version-history":[{"count":19,"href":"https:\/\/prosper-bsr.eu\/index.php?rest_route=\/wp\/v2\/pages\/350\/revisions"}],"predecessor-version":[{"id":830,"href":"https:\/\/prosper-bsr.eu\/index.php?rest_route=\/wp\/v2\/pages\/350\/revisions\/830"}],"wp:attachment":[{"href":"https:\/\/prosper-bsr.eu\/index.php?rest_route=%2Fwp%2Fv2%2Fmedia&parent=350"}],"curies":[{"name":"wp","href":"https:\/\/api.w.org\/{rel}","templated":true}]}}